{"id":3404,"date":"2024-09-01T17:42:56","date_gmt":"2024-09-01T17:42:56","guid":{"rendered":"https:\/\/dentalestetikcenter.com\/?page_id=3404"},"modified":"2024-09-01T17:43:41","modified_gmt":"2024-09-01T17:43:41","slug":"gizlilik-politikasi","status":"publish","type":"page","link":"https:\/\/dentalestetikcenter.com\/en\/gizlilik-politikasi\/","title":{"rendered":"Gizlilik Politikas\u0131"},"content":{"rendered":"<div data-elementor-type=\"wp-page\" data-elementor-id=\"3404\" class=\"elementor elementor-3404\" data-elementor-post-type=\"page\">\n\t\t\t\t<div class=\"elementor-element elementor-element-40e5b3b e-flex e-con-boxed e-con e-parent\" data-id=\"40e5b3b\" data-element_type=\"container\" data-settings=\"{&quot;background_background&quot;:&quot;classic&quot;,&quot;_ha_eqh_enable&quot;:false}\" data-core-v316-plus=\"true\">\n\t\t\t\t\t<div class=\"e-con-inner\">\n\t\t<div class=\"elementor-element elementor-element-ba757d6 e-flex e-con-boxed e-con e-child\" data-id=\"ba757d6\" data-element_type=\"container\" data-settings=\"{&quot;_ha_eqh_enable&quot;:false}\">\n\t\t\t\t\t<div class=\"e-con-inner\">\n\t\t\t\t<div class=\"elementor-element elementor-element-7021840 elementor-widget elementor-widget-ha-page-title happy-addon ha-page-title\" data-id=\"7021840\" data-element_type=\"widget\" data-widget_type=\"ha-page-title.default\">\n\t\t\t\t<div class=\"elementor-widget-container\">\n\t\t\t<h1 class=\"ha-page-title elementor-size-default\">Gizlilik Politikas\u0131<\/h1>\t\t<\/div>\n\t\t\t\t<\/div>\n\t\t\t\t<div class=\"elementor-element elementor-element-66e07d0 elementor-align-center elementor-widget elementor-widget-breadcrumbs\" data-id=\"66e07d0\" data-element_type=\"widget\" data-widget_type=\"breadcrumbs.default\">\n\t\t\t\t<div class=\"elementor-widget-container\">\n\t\t\t<link rel=\"stylesheet\" href=\"https:\/\/dentalestetikcenter.com\/wp-content\/plugins\/elementor-pro\/assets\/css\/widget-theme-elements.min.css\"><p id=\"breadcrumbs\"><span><span><a href=\"https:\/\/dentalestetikcenter.com\/en\/\">Home<\/a><\/span><\/span><\/p>\t\t<\/div>\n\t\t\t\t<\/div>\n\t\t\t\t\t<\/div>\n\t\t\t\t<\/div>\n\t\t\t\t\t<\/div>\n\t\t\t\t<\/div>\n\t\t<div class=\"elementor-element elementor-element-0fb77ba e-flex e-con-boxed e-con e-parent\" data-id=\"0fb77ba\" data-element_type=\"container\" data-settings=\"{&quot;_ha_eqh_enable&quot;:&quot;yes&quot;,&quot;_ha_eqh_widget&quot;:[&quot;icon&quot;,&quot;heading&quot;,&quot;text-editor&quot;,&quot;button&quot;],&quot;_ha_eqh_to&quot;:&quot;widget&quot;,&quot;_ha_eqh_disable_on_tablet&quot;:&quot;no&quot;,&quot;_ha_eqh_disable_on_mobile&quot;:&quot;yes&quot;}\" data-core-v316-plus=\"true\">\n\t\t\t\t\t<div class=\"e-con-inner\">\n\t\t<div class=\"elementor-element elementor-element-af9817c e-flex e-con-boxed e-con e-child\" data-id=\"af9817c\" data-element_type=\"container\">\n\t\t\t\t\t<div class=\"e-con-inner\">\n\t\t<div class=\"elementor-element elementor-element-58d4b24 e-flex e-con-boxed e-con e-child\" data-id=\"58d4b24\" data-element_type=\"container\" data-settings=\"{&quot;_ha_eqh_enable&quot;:false}\">\n\t\t\t\t\t<div class=\"e-con-inner\">\n\t\t\t\t<div class=\"elementor-element elementor-element-d86254d elementor-widget elementor-widget-heading\" data-id=\"d86254d\" data-element_type=\"widget\" data-widget_type=\"heading.default\">\n\t\t\t\t<div class=\"elementor-widget-container\">\n\t\t\t<style>\/*! elementor - v3.20.0 - 26-03-2024 *\/\n.elementor-heading-title{padding:0;margin:0;line-height:1}.elementor-widget-heading .elementor-heading-title[class*=elementor-size-]>a{color:inherit;font-size:inherit;line-height:inherit}.elementor-widget-heading .elementor-heading-title.elementor-size-small{font-size:15px}.elementor-widget-heading .elementor-heading-title.elementor-size-medium{font-size:19px}.elementor-widget-heading .elementor-heading-title.elementor-size-large{font-size:29px}.elementor-widget-heading .elementor-heading-title.elementor-size-xl{font-size:39px}.elementor-widget-heading .elementor-heading-title.elementor-size-xxl{font-size:59px}<\/style><h2 class=\"elementor-heading-title elementor-size-default\">Dental Estetik Center Gizlilik Politikas\u0131<\/h2>\t\t<\/div>\n\t\t\t\t<\/div>\n\t\t\t\t<div class=\"elementor-element elementor-element-ed32bbd elementor-widget-divider--view-line elementor-widget elementor-widget-divider\" data-id=\"ed32bbd\" data-element_type=\"widget\" data-widget_type=\"divider.default\">\n\t\t\t\t<div class=\"elementor-widget-container\">\n\t\t\t<style>\/*! elementor - v3.20.0 - 26-03-2024 *\/\n.elementor-widget-divider{--divider-border-style:none;--divider-border-width:1px;--divider-color:#0c0d0e;--divider-icon-size:20px;--divider-element-spacing:10px;--divider-pattern-height:24px;--divider-pattern-size:20px;--divider-pattern-url:none;--divider-pattern-repeat:repeat-x}.elementor-widget-divider .elementor-divider{display:flex}.elementor-widget-divider .elementor-divider__text{font-size:15px;line-height:1;max-width:95%}.elementor-widget-divider .elementor-divider__element{margin:0 var(--divider-element-spacing);flex-shrink:0}.elementor-widget-divider .elementor-icon{font-size:var(--divider-icon-size)}.elementor-widget-divider .elementor-divider-separator{display:flex;margin:0;direction:ltr}.elementor-widget-divider--view-line_icon .elementor-divider-separator,.elementor-widget-divider--view-line_text .elementor-divider-separator{align-items:center}.elementor-widget-divider--view-line_icon .elementor-divider-separator:after,.elementor-widget-divider--view-line_icon .elementor-divider-separator:before,.elementor-widget-divider--view-line_text .elementor-divider-separator:after,.elementor-widget-divider--view-line_text .elementor-divider-separator:before{display:block;content:\"\";border-block-end:0;flex-grow:1;border-block-start:var(--divider-border-width) var(--divider-border-style) var(--divider-color)}.elementor-widget-divider--element-align-left .elementor-divider .elementor-divider-separator>.elementor-divider__svg:first-of-type{flex-grow:0;flex-shrink:100}.elementor-widget-divider--element-align-left .elementor-divider-separator:before{content:none}.elementor-widget-divider--element-align-left .elementor-divider__element{margin-left:0}.elementor-widget-divider--element-align-right .elementor-divider .elementor-divider-separator>.elementor-divider__svg:last-of-type{flex-grow:0;flex-shrink:100}.elementor-widget-divider--element-align-right .elementor-divider-separator:after{content:none}.elementor-widget-divider--element-align-right .elementor-divider__element{margin-right:0}.elementor-widget-divider--element-align-start .elementor-divider .elementor-divider-separator>.elementor-divider__svg:first-of-type{flex-grow:0;flex-shrink:100}.elementor-widget-divider--element-align-start .elementor-divider-separator:before{content:none}.elementor-widget-divider--element-align-start .elementor-divider__element{margin-inline-start:0}.elementor-widget-divider--element-align-end .elementor-divider .elementor-divider-separator>.elementor-divider__svg:last-of-type{flex-grow:0;flex-shrink:100}.elementor-widget-divider--element-align-end .elementor-divider-separator:after{content:none}.elementor-widget-divider--element-align-end .elementor-divider__element{margin-inline-end:0}.elementor-widget-divider:not(.elementor-widget-divider--view-line_text):not(.elementor-widget-divider--view-line_icon) .elementor-divider-separator{border-block-start:var(--divider-border-width) var(--divider-border-style) var(--divider-color)}.elementor-widget-divider--separator-type-pattern{--divider-border-style:none}.elementor-widget-divider--separator-type-pattern.elementor-widget-divider--view-line .elementor-divider-separator,.elementor-widget-divider--separator-type-pattern:not(.elementor-widget-divider--view-line) .elementor-divider-separator:after,.elementor-widget-divider--separator-type-pattern:not(.elementor-widget-divider--view-line) .elementor-divider-separator:before,.elementor-widget-divider--separator-type-pattern:not([class*=elementor-widget-divider--view]) .elementor-divider-separator{width:100%;min-height:var(--divider-pattern-height);-webkit-mask-size:var(--divider-pattern-size) 100%;mask-size:var(--divider-pattern-size) 100%;-webkit-mask-repeat:var(--divider-pattern-repeat);mask-repeat:var(--divider-pattern-repeat);background-color:var(--divider-color);-webkit-mask-image:var(--divider-pattern-url);mask-image:var(--divider-pattern-url)}.elementor-widget-divider--no-spacing{--divider-pattern-size:auto}.elementor-widget-divider--bg-round{--divider-pattern-repeat:round}.rtl .elementor-widget-divider .elementor-divider__text{direction:rtl}.e-con-inner>.elementor-widget-divider,.e-con>.elementor-widget-divider{width:var(--container-widget-width,100%);--flex-grow:var(--container-widget-flex-grow)}<\/style>\t\t<div class=\"elementor-divider\">\n\t\t\t<span class=\"elementor-divider-separator\">\n\t\t\t\t\t\t<\/span>\n\t\t<\/div>\n\t\t\t\t<\/div>\n\t\t\t\t<\/div>\n\t\t\t\t\t<\/div>\n\t\t\t\t<\/div>\n\t\t<div class=\"elementor-element elementor-element-deb855d e-flex e-con-boxed e-con e-child\" data-id=\"deb855d\" data-element_type=\"container\" data-settings=\"{&quot;background_background&quot;:&quot;classic&quot;,&quot;_ha_eqh_enable&quot;:false}\">\n\t\t\t\t\t<div class=\"e-con-inner\">\n\t\t\t\t<div class=\"elementor-element elementor-element-020c166 elementor-widget elementor-widget-text-editor\" data-id=\"020c166\" data-element_type=\"widget\" data-widget_type=\"text-editor.default\">\n\t\t\t\t<div class=\"elementor-widget-container\">\n\t\t\t<style>\/*! elementor - v3.20.0 - 26-03-2024 *\/\n.elementor-widget-text-editor.elementor-drop-cap-view-stacked .elementor-drop-cap{background-color:#69727d;color:#fff}.elementor-widget-text-editor.elementor-drop-cap-view-framed .elementor-drop-cap{color:#69727d;border:3px solid;background-color:transparent}.elementor-widget-text-editor:not(.elementor-drop-cap-view-default) .elementor-drop-cap{margin-top:8px}.elementor-widget-text-editor:not(.elementor-drop-cap-view-default) .elementor-drop-cap-letter{width:1em;height:1em}.elementor-widget-text-editor .elementor-drop-cap{float:left;text-align:center;line-height:1;font-size:50px}.elementor-widget-text-editor .elementor-drop-cap-letter{display:inline-block}<\/style>\t\t\t\t<p>As Dental Estetik Center, we care about your personal data and protect it safely.<\/p>\t\t\t\t\t\t<\/div>\n\t\t\t\t<\/div>\n\t\t\t\t\t<\/div>\n\t\t\t\t<\/div>\n\t\t\t\t\t<\/div>\n\t\t\t\t<\/div>\n\t\t\t\t\t<\/div>\n\t\t\t\t<\/div>\n\t\t<div class=\"elementor-element elementor-element-9fb0af3 e-flex e-con-boxed e-con e-parent\" data-id=\"9fb0af3\" data-element_type=\"container\" data-settings=\"{&quot;_ha_eqh_enable&quot;:false}\" data-core-v316-plus=\"true\">\n\t\t\t\t\t<div class=\"e-con-inner\">\n\t\t<div class=\"elementor-element elementor-element-b3dfb2f e-flex e-con-boxed e-con e-child\" data-id=\"b3dfb2f\" data-element_type=\"container\" data-settings=\"{&quot;_ha_eqh_enable&quot;:false}\">\n\t\t\t\t\t<div class=\"e-con-inner\">\n\t\t\t\t<div class=\"elementor-element elementor-element-59a148d elementor-widget elementor-widget-ha-pdf-view happy-addon ha-pdf-view\" data-id=\"59a148d\" data-element_type=\"widget\" data-widget_type=\"ha-pdf-view.default\">\n\t\t\t\t<div class=\"elementor-widget-container\">\n\t\t\t        <div class=\"pdf_viewer_container\">\n            <div class=\"pdf_viewer_options viewer-59a148d\" data-pdf-settings=\"{&quot;unique_id&quot;:&quot;viewer-59a148d&quot;,&quot;pdf_url&quot;:&quot;https:\\\/\\\/dentalestetikcenter.com\\\/wp-content\\\/uploads\\\/2024\\\/09\\\/Dental-Estetik-Center-Gizlilik-Politikasi.pdf&quot;,&quot;file_type&quot;:&quot;url&quot;,&quot;page_number&quot;:&quot;1&quot;,&quot;width&quot;:&quot;100%&quot;,&quot;height&quot;:&quot;1000px&quot;}\">\n\t\t\t\t<span class=\"ha-title-flex\">\n\t\t\t\t\t<span class=\"pdf-icon\">\n\t\t\t\t\t\t\t\t\t\t\t<\/span>\n\t\t\t\t\t\t\t\t\t<\/span>\n\t\t\t\t                <div class=\"pdf-button\">\n                                <\/div>\n            <\/div>\n\n\t\t\t<div>\n\t\t\t\t<div id=\"viewer-59a148d\"><\/div>\n\t\t\t<\/div>\n\n        <\/div>\n        \t\t<\/div>\n\t\t\t\t<\/div>\n\t\t\t\t<div class=\"elementor-element elementor-element-b019475 elementor-widget elementor-widget-text-editor\" data-id=\"b019475\" data-element_type=\"widget\" data-widget_type=\"text-editor.default\">\n\t\t\t\t<div class=\"elementor-widget-container\">\n\t\t\t\t\t\t\t\t\t\t\t\t\t<\/div>\n\t\t\t\t<\/div>\n\t\t\t\t\t<\/div>\n\t\t\t\t<\/div>\n\t\t\t\t\t<\/div>\n\t\t\t\t<\/div>\n\t\t\t\t<\/div>","protected":false},"excerpt":{"rendered":"<p>Gizlilik Politikas\u0131 Dental Estetik Center Gizlilik Politikas\u0131 Dental Estetik Center olarak ki\u015fisel verilerinizi \u00f6nemsiyor, g\u00fcvenle koruyoruz.<\/p>","protected":false},"author":1,"featured_media":0,"parent":0,"menu_order":0,"comment_status":"closed","ping_status":"closed","template":"","meta":{"content-type":"","footnotes":""},"class_list":["post-3404","page","type-page","status-publish","hentry"],"yoast_head":"<!-- This site is optimized with the Yoast SEO plugin v23.3 - https:\/\/yoast.com\/wordpress\/plugins\/seo\/ -->\n<title>Gizlilik Politikas\u0131 - Dental Estetik Center<\/title>\n<meta name=\"description\" content=\"Dental Estetik Center foto\u011fraf galerimizi, kat\u0131ld\u0131\u011f\u0131m\u0131z etkinlik, fuar, sunum, kongre ve ger\u00e7ekle\u015ftirdi\u011fimi taramalar\u0131 inceleyin.\" \/>\n<meta name=\"robots\" content=\"noindex, follow\" \/>\n<meta property=\"og:locale\" content=\"en_US\" \/>\n<meta property=\"og:type\" content=\"article\" \/>\n<meta property=\"og:title\" content=\"Gizlilik Politikas\u0131 - Dental Estetik Center\" \/>\n<meta property=\"og:description\" content=\"Dental Estetik Center foto\u011fraf galerimizi, kat\u0131ld\u0131\u011f\u0131m\u0131z etkinlik, fuar, sunum, kongre ve ger\u00e7ekle\u015ftirdi\u011fimi taramalar\u0131 inceleyin.\" \/>\n<meta property=\"og:url\" content=\"https:\/\/dentalestetikcenter.com\/en\/gizlilik-politikasi\/\" \/>\n<meta property=\"og:site_name\" content=\"Dental Estetik Center\" \/>\n<meta property=\"article:modified_time\" content=\"2024-09-01T17:43:41+00:00\" \/>\n<meta name=\"twitter:card\" content=\"summary_large_image\" \/>\n<meta name=\"twitter:label1\" content=\"Est. reading time\" \/>\n\t<meta name=\"twitter:data1\" content=\"1 minute\" \/>\n<script type=\"application\/ld+json\" class=\"yoast-schema-graph\">{\"@context\":\"https:\/\/schema.org\",\"@graph\":[{\"@type\":\"WebPage\",\"@id\":\"https:\/\/dentalestetikcenter.com\/gizlilik-politikasi\/\",\"url\":\"https:\/\/dentalestetikcenter.com\/gizlilik-politikasi\/\",\"name\":\"Gizlilik Politikas\u0131 - Dental Estetik Center\",\"isPartOf\":{\"@id\":\"https:\/\/dentalestetikcenter.com\/#website\"},\"datePublished\":\"2024-09-01T17:42:56+00:00\",\"dateModified\":\"2024-09-01T17:43:41+00:00\",\"description\":\"Dental Estetik Center foto\u011fraf galerimizi, kat\u0131ld\u0131\u011f\u0131m\u0131z etkinlik, fuar, sunum, kongre ve ger\u00e7ekle\u015ftirdi\u011fimi taramalar\u0131 inceleyin.\",\"breadcrumb\":{\"@id\":\"https:\/\/dentalestetikcenter.com\/gizlilik-politikasi\/#breadcrumb\"},\"inLanguage\":\"en-US\",\"potentialAction\":[{\"@type\":\"ReadAction\",\"target\":[\"https:\/\/dentalestetikcenter.com\/gizlilik-politikasi\/\"]}]},{\"@type\":\"BreadcrumbList\",\"@id\":\"https:\/\/dentalestetikcenter.com\/gizlilik-politikasi\/#breadcrumb\",\"itemListElement\":[{\"@type\":\"ListItem\",\"position\":1,\"name\":\"Ana Sayfa\",\"item\":\"https:\/\/dentalestetikcenter.com\/\"},{\"@type\":\"ListItem\",\"position\":2,\"name\":\"Gizlilik Politikas\u0131\"}]},{\"@type\":\"WebSite\",\"@id\":\"https:\/\/dentalestetikcenter.com\/#website\",\"url\":\"https:\/\/dentalestetikcenter.com\/\",\"name\":\"Dental Estetik Center\",\"description\":\"D\u00fcnya Bizimle G\u00fcl\u00fcms\u00fcyor\",\"publisher\":{\"@id\":\"https:\/\/dentalestetikcenter.com\/#organization\"},\"potentialAction\":[{\"@type\":\"SearchAction\",\"target\":{\"@type\":\"EntryPoint\",\"urlTemplate\":\"https:\/\/dentalestetikcenter.com\/?s={search_term_string}\"},\"query-input\":\"required name=search_term_string\"}],\"inLanguage\":\"en-US\"},{\"@type\":\"Organization\",\"@id\":\"https:\/\/dentalestetikcenter.com\/#organization\",\"name\":\"Dental Estetik Center\",\"url\":\"https:\/\/dentalestetikcenter.com\/\",\"logo\":{\"@type\":\"ImageObject\",\"inLanguage\":\"en-US\",\"@id\":\"https:\/\/dentalestetikcenter.com\/#\/schema\/logo\/image\/\",\"url\":\"https:\/\/dentalestetikcenter.com\/wp-content\/uploads\/2025\/01\/cropped-logo-png.png\",\"contentUrl\":\"https:\/\/dentalestetikcenter.com\/wp-content\/uploads\/2025\/01\/cropped-logo-png.png\",\"width\":1584,\"height\":339,\"caption\":\"Dental Estetik Center\"},\"image\":{\"@id\":\"https:\/\/dentalestetikcenter.com\/#\/schema\/logo\/image\/\"}}]}<\/script>\n<!-- \/ Yoast SEO plugin. -->","yoast_head_json":{"title":"Gizlilik Politikas\u0131 - Dental Estetik Center","description":"Dental Estetik Center foto\u011fraf galerimizi, kat\u0131ld\u0131\u011f\u0131m\u0131z etkinlik, fuar, sunum, kongre ve ger\u00e7ekle\u015ftirdi\u011fimi taramalar\u0131 inceleyin.","robots":{"index":"noindex","follow":"follow"},"og_locale":"en_US","og_type":"article","og_title":"Gizlilik Politikas\u0131 - Dental Estetik Center","og_description":"Dental Estetik Center foto\u011fraf galerimizi, kat\u0131ld\u0131\u011f\u0131m\u0131z etkinlik, fuar, sunum, kongre ve ger\u00e7ekle\u015ftirdi\u011fimi taramalar\u0131 inceleyin.","og_url":"https:\/\/dentalestetikcenter.com\/en\/gizlilik-politikasi\/","og_site_name":"Dental Estetik Center","article_modified_time":"2024-09-01T17:43:41+00:00","twitter_card":"summary_large_image","twitter_misc":{"Est. reading time":"1 minute"},"schema":{"@context":"https:\/\/schema.org","@graph":[{"@type":"WebPage","@id":"https:\/\/dentalestetikcenter.com\/gizlilik-politikasi\/","url":"https:\/\/dentalestetikcenter.com\/gizlilik-politikasi\/","name":"Gizlilik Politikas\u0131 - Dental Estetik Center","isPartOf":{"@id":"https:\/\/dentalestetikcenter.com\/#website"},"datePublished":"2024-09-01T17:42:56+00:00","dateModified":"2024-09-01T17:43:41+00:00","description":"Dental Estetik Center foto\u011fraf galerimizi, kat\u0131ld\u0131\u011f\u0131m\u0131z etkinlik, fuar, sunum, kongre ve ger\u00e7ekle\u015ftirdi\u011fimi taramalar\u0131 inceleyin.","breadcrumb":{"@id":"https:\/\/dentalestetikcenter.com\/gizlilik-politikasi\/#breadcrumb"},"inLanguage":"en-US","potentialAction":[{"@type":"ReadAction","target":["https:\/\/dentalestetikcenter.com\/gizlilik-politikasi\/"]}]},{"@type":"BreadcrumbList","@id":"https:\/\/dentalestetikcenter.com\/gizlilik-politikasi\/#breadcrumb","itemListElement":[{"@type":"ListItem","position":1,"name":"Ana Sayfa","item":"https:\/\/dentalestetikcenter.com\/"},{"@type":"ListItem","position":2,"name":"Gizlilik Politikas\u0131"}]},{"@type":"WebSite","@id":"https:\/\/dentalestetikcenter.com\/#website","url":"https:\/\/dentalestetikcenter.com\/","name":"Dental Estetik Center","description":"D\u00fcnya Bizimle G\u00fcl\u00fcms\u00fcyor","publisher":{"@id":"https:\/\/dentalestetikcenter.com\/#organization"},"potentialAction":[{"@type":"SearchAction","target":{"@type":"EntryPoint","urlTemplate":"https:\/\/dentalestetikcenter.com\/?s={search_term_string}"},"query-input":"required name=search_term_string"}],"inLanguage":"en-US"},{"@type":"Organization","@id":"https:\/\/dentalestetikcenter.com\/#organization","name":"Dental Estetik Center","url":"https:\/\/dentalestetikcenter.com\/","logo":{"@type":"ImageObject","inLanguage":"en-US","@id":"https:\/\/dentalestetikcenter.com\/#\/schema\/logo\/image\/","url":"https:\/\/dentalestetikcenter.com\/wp-content\/uploads\/2025\/01\/cropped-logo-png.png","contentUrl":"https:\/\/dentalestetikcenter.com\/wp-content\/uploads\/2025\/01\/cropped-logo-png.png","width":1584,"height":339,"caption":"Dental Estetik Center"},"image":{"@id":"https:\/\/dentalestetikcenter.com\/#\/schema\/logo\/image\/"}}]}},"_links":{"self":[{"href":"https:\/\/dentalestetikcenter.com\/en\/wp-json\/wp\/v2\/pages\/3404"}],"collection":[{"href":"https:\/\/dentalestetikcenter.com\/en\/wp-json\/wp\/v2\/pages"}],"about":[{"href":"https:\/\/dentalestetikcenter.com\/en\/wp-json\/wp\/v2\/types\/page"}],"author":[{"embeddable":true,"href":"https:\/\/dentalestetikcenter.com\/en\/wp-json\/wp\/v2\/users\/1"}],"replies":[{"embeddable":true,"href":"https:\/\/dentalestetikcenter.com\/en\/wp-json\/wp\/v2\/comments?post=3404"}],"version-history":[{"count":7,"href":"https:\/\/dentalestetikcenter.com\/en\/wp-json\/wp\/v2\/pages\/3404\/revisions"}],"predecessor-version":[{"id":3412,"href":"https:\/\/dentalestetikcenter.com\/en\/wp-json\/wp\/v2\/pages\/3404\/revisions\/3412"}],"wp:attachment":[{"href":"https:\/\/dentalestetikcenter.com\/en\/wp-json\/wp\/v2\/media?parent=3404"}],"curies":[{"name":"wp","href":"https:\/\/api.w.org\/{rel}","templated":true}]}}